{"id":6777,"date":"2022-05-12T10:48:12","date_gmt":"2022-05-12T14:48:12","guid":{"rendered":"https:\/\/baffininuitart.com\/corporate-gift\/"},"modified":"2022-05-12T11:07:43","modified_gmt":"2022-05-12T15:07:43","slug":"cadeau-corporatif","status":"publish","type":"page","link":"https:\/\/baffininuitart.com\/fr\/cadeau-corporatif\/","title":{"rendered":"Cadeau corporatif"},"content":{"rendered":"<div class=\"wpb-content-wrapper\"><p>[vc_row css=&#8221;.vc_custom_1652367179506{margin-bottom: 25px !important;}&#8221;][vc_column][vc_column_text]<\/p>\n<h3>L&#8217;art Inuit, le Cadeau Corporatif Parfait.<\/h3>\n<p>[\/vc_column_text][\/vc_column][\/vc_row][vc_row content_placement=&#8221;middle&#8221; css=&#8221;.vc_custom_1652367211442{margin-bottom: 25px !important;}&#8221;][vc_column width=&#8221;2\/3&#8243;][vc_column_text]Art Inuit vous propose de magnifiques sculptures. Nous avons la plus grande s\u00e9lection de sculptures inf\u00e9riuer \u00e0 $1000 de Toronto. Plus de 600 en stock! A 20 minutes de marche de Bay St.<\/p>\n<ul>\n<li>un programme de reconnaissance pour les employ\u00e9s<\/li>\n<li>un \u00e9v\u00e9nement sp\u00e9cial<\/li>\n<li>un client ou fournisseur<\/li>\n<li>un visiteur de marque<\/li>\n<li>conventions<\/li>\n<\/ul>\n<p>Travaillez avec un budget sp\u00e9cifique?<\/p>\n<p>Avez-vous besoin de beaucoup de cadeaux, comme 50 ou plus?<\/p>\n<p>Cela n&#8217;est pas un probl\u00e8me pour nous. Nous travaillons avec tous le budgets, lorsque les commandes sont de plus de 50. Chez Art Inuit nous pr\u00e9f\u00e9rons faire moins d&#8217;argent par sculpture et faire notre profit sur le <em><strong>volume.<\/strong><\/em><\/p>\n<p>De cette mani\u00e8re, nous aidons les artistes Inuit vivant dans l&#8217;arctique \u00e0 subvenir aux besoins de leur famille. Le min avec lequel on peut travailler serait $25 par sculpture. Pour cette somme nous pouvons vous fournir de petits inukshuks de 2 pouces de haut avec une belle bo\u00eete caudeau.<\/p>\n<p><strong>Bases<\/strong><br \/>\nNous pouvons aussi vous fournir les bases. Fait en boit ou en verre. Et on peut s&#8217;occuper de faire les inscriptions pour vous. Nous travaillons avec Ace Awards sur la rue Danforth.[\/vc_column_text][\/vc_column][vc_column width=&#8221;1\/3&#8243;][vc_single_image image=&#8221;6768&#8243; img_size=&#8221;full&#8221;][\/vc_column][\/vc_row][vc_row css=&#8221;.vc_custom_1652367226505{margin-bottom: 25px !important;}&#8221;][vc_column][vc_column_text]<\/p>\n<h4 style=\"text-align: center;\">Pour plus d&#8217;informations, appelez au <a href=\"tel:4169313540\">416-931-3540<\/a><\/h4>\n<p>[\/vc_column_text][\/vc_column][\/vc_row]<\/p>\n<\/div>","protected":false},"excerpt":{"rendered":"<p>[vc_row css=&#8221;.vc_custom_1652367179506{margin-bottom: 25px !important;}&#8221;][vc_column][vc_column_text] L&#8217;art Inuit, le Cadeau Corporatif Parfait. [\/vc_column_text][\/vc_column][\/vc_row][vc_row content_placement=&#8221;middle&#8221; css=&#8221;.vc_custom_1652367211442{margin-bottom: 25px !important;}&#8221;][vc_column width=&#8221;2\/3&#8243;][vc_column_text]Art Inuit vous propose de magnifiques sculptures. Nous avons la plus grande s\u00e9lection de sculptures inf\u00e9riuer \u00e0 $1000 de Toronto. Plus de 600 en stock! [&hellip;]<\/p>\n","protected":false},"author":1,"featured_media":0,"parent":0,"menu_order":0,"comment_status":"closed","ping_status":"closed","template":"","meta":{"_acf_changed":false,"footnotes":""},"acf":[],"_links":{"self":[{"href":"https:\/\/baffininuitart.com\/fr\/wp-json\/wp\/v2\/pages\/6777"}],"collection":[{"href":"https:\/\/baffininuitart.com\/fr\/wp-json\/wp\/v2\/pages"}],"about":[{"href":"https:\/\/baffininuitart.com\/fr\/wp-json\/wp\/v2\/types\/page"}],"author":[{"embeddable":true,"href":"https:\/\/baffininuitart.com\/fr\/wp-json\/wp\/v2\/users\/1"}],"replies":[{"embeddable":true,"href":"https:\/\/baffininuitart.com\/fr\/wp-json\/wp\/v2\/comments?post=6777"}],"version-history":[{"count":4,"href":"https:\/\/baffininuitart.com\/fr\/wp-json\/wp\/v2\/pages\/6777\/revisions"}],"predecessor-version":[{"id":6781,"href":"https:\/\/baffininuitart.com\/fr\/wp-json\/wp\/v2\/pages\/6777\/revisions\/6781"}],"wp:attachment":[{"href":"https:\/\/baffininuitart.com\/fr\/wp-json\/wp\/v2\/media?parent=6777"}],"curies":[{"name":"wp","href":"https:\/\/api.w.org\/{rel}","templated":true}]}}