{"id":10719,"date":"2023-03-16T11:58:23","date_gmt":"2023-03-16T15:58:23","guid":{"rendered":"https:\/\/baffininuitart.com\/jacques-presents\/"},"modified":"2023-06-14T14:01:56","modified_gmt":"2023-06-14T18:01:56","slug":"jacques-presente","status":"publish","type":"page","link":"https:\/\/baffininuitart.com\/fr\/jacques-presente\/","title":{"rendered":"Jacques pr\u00e9sente"},"content":{"rendered":"<div class=\"wpb-content-wrapper\"><p>[vc_row][vc_column width=&#8221;1\/2&#8243;][vc_column_text]<strong>D\u00e9couvrez un monde d&#8217;art et de culture exquis avec Jacques Bandet, le fondateur visionnaire de la galerie d&#8217;art Inuit Baffin.<\/strong><\/p>\n<p>En tant que collectionneur de certaines des plus belles sculptures et cr\u00e9ations du Grand Nord, dont le Nunavut, Jacques vous invite \u00e0 le suivre pour un voyage d&#8217;exploration du monde captivant de l&#8217;art inuit. De sculptures puissantes et complexes \u00e0 des imprim\u00e9s d\u00e9licats et envoutants, chaque semaine, Jacques partage sa passion et ses connaissances profondes des \u0153uvres d&#8217;art de sa collection, dans des articles proposant une perspective unique sur les concepts complexes ainsi que les histoires et traditions intrins\u00e8ques \u00e0 chaque cr\u00e9ation.<\/p>\n<p>La collection de Jacques est un ode \u00e0 la cr\u00e9ativit\u00e9 des artistes inuits et \u00e0 la splendeur de leur art. Gr\u00e2ce \u00e0 des pi\u00e8ces disponibles \u00e0 l&#8217;achat en ligne, ainsi que dans sa galerie, vous pourrez savourer la magie de l&#8217;art inuit chez vous. Ressentez l&#8217;\u00e9merveillement et l&#8217;enchantement de l&#8217;art inuit avec Jacques Bandet et son \u00e9poustouflante collection.[\/vc_column_text][\/vc_column][vc_column width=&#8221;1\/2&#8243;][vc_single_image image=&#8221;9685&#8243; img_size=&#8221;full&#8221;][\/vc_column][\/vc_row][vc_row][vc_column][vc_empty_space][\/vc_column][\/vc_row][vc_row][vc_column][vc_separator color=&#8221;custom&#8221; accent_color=&#8221;#c8ab84&#8243;][\/vc_column][\/vc_row][vc_row][vc_column][vc_empty_space][\/vc_column][\/vc_row][vc_row][vc_column][vc_basic_grid post_type=&#8221;post&#8221; max_items=&#8221;10&#8243; item=&#8221;9687&#8243; grid_id=&#8221;vc_gid:1686765655790-fad30fe3-4584-5&#8243; taxonomies=&#8221;837&#8243;][\/vc_column][\/vc_row]<\/p>\n<\/div>","protected":false},"excerpt":{"rendered":"<p>[vc_row][vc_column width=&#8221;1\/2&#8243;][vc_column_text]D\u00e9couvrez un monde d&#8217;art et de culture exquis avec Jacques Bandet, le fondateur visionnaire de la galerie d&#8217;art Inuit Baffin. En tant que collectionneur de certaines des plus belles sculptures et cr\u00e9ations du Grand Nord, dont le Nunavut, Jacques [&hellip;]<\/p>\n","protected":false},"author":1,"featured_media":0,"parent":0,"menu_order":0,"comment_status":"closed","ping_status":"closed","template":"","meta":{"_acf_changed":false,"footnotes":""},"acf":[],"_links":{"self":[{"href":"https:\/\/baffininuitart.com\/fr\/wp-json\/wp\/v2\/pages\/10719"}],"collection":[{"href":"https:\/\/baffininuitart.com\/fr\/wp-json\/wp\/v2\/pages"}],"about":[{"href":"https:\/\/baffininuitart.com\/fr\/wp-json\/wp\/v2\/types\/page"}],"author":[{"embeddable":true,"href":"https:\/\/baffininuitart.com\/fr\/wp-json\/wp\/v2\/users\/1"}],"replies":[{"embeddable":true,"href":"https:\/\/baffininuitart.com\/fr\/wp-json\/wp\/v2\/comments?post=10719"}],"version-history":[{"count":3,"href":"https:\/\/baffininuitart.com\/fr\/wp-json\/wp\/v2\/pages\/10719\/revisions"}],"predecessor-version":[{"id":10722,"href":"https:\/\/baffininuitart.com\/fr\/wp-json\/wp\/v2\/pages\/10719\/revisions\/10722"}],"wp:attachment":[{"href":"https:\/\/baffininuitart.com\/fr\/wp-json\/wp\/v2\/media?parent=10719"}],"curies":[{"name":"wp","href":"https:\/\/api.w.org\/{rel}","templated":true}]}}